{"id":10001,"date":"2022-05-03T09:51:10","date_gmt":"2022-05-03T09:51:10","guid":{"rendered":"https:\/\/www.zgodovinska-mesta.si\/mesto-na-dan\/"},"modified":"2025-04-23T13:04:08","modified_gmt":"2025-04-23T13:04:08","slug":"ein-ort-fur-einem-tag","status":"publish","type":"page","link":"https:\/\/www.zgodovinska-mesta.si\/de\/ein-ort-fur-einem-tag\/","title":{"rendered":"Ein Ort f\u00fcr einen Tag"},"content":{"rendered":"","protected":false},"excerpt":{"rendered":"","protected":false},"author":1,"featured_media":0,"parent":0,"menu_order":0,"comment_status":"closed","ping_status":"closed","template":"template-mesto-na-dan.php","meta":{"_acf_changed":false,"footnotes":""},"class_list":["post-10001","page","type-page","status-publish","hentry"],"acf":[],"yoast_head":"<!-- This site is optimized with the Yoast SEO plugin v27.0 - https:\/\/yoast.com\/product\/yoast-seo-wordpress\/ -->\n<title>Ideen f\u00fcr Tagesausfl\u00fcge in slowenischen historischen St\u00e4dten<\/title>\n<meta name=\"description\" content=\"Schlendern Sie durch eine der historischen St\u00e4dte und lauschen Sie den Geschichten. Welches Ziel soll es sein? Lassen Sie sich von unserer Karte inspirieren.\" \/>\n<meta name=\"robots\" content=\"index, follow, max-snippet:-1, max-image-preview:large, max-video-preview:-1\" \/>\n<link rel=\"canonical\" href=\"https:\/\/www.zgodovinska-mesta.si\/de\/ein-ort-fur-einem-tag\/\" \/>\n<meta property=\"og:locale\" content=\"de_DE\" \/>\n<meta property=\"og:type\" content=\"article\" \/>\n<meta property=\"og:title\" content=\"Ideen f\u00fcr Tagesausfl\u00fcge in slowenischen historischen St\u00e4dten\" \/>\n<meta property=\"og:description\" content=\"Schlendern Sie durch eine der historischen St\u00e4dte und lauschen Sie den Geschichten. Welches Ziel soll es sein? Lassen Sie sich von unserer Karte inspirieren.\" \/>\n<meta property=\"og:url\" content=\"https:\/\/www.zgodovinska-mesta.si\/de\/ein-ort-fur-einem-tag\/\" \/>\n<meta property=\"og:site_name\" content=\"Zdru\u017eenje zgodovinskih mest Slovenije\" \/>\n<meta property=\"article:modified_time\" content=\"2025-04-23T13:04:08+00:00\" \/>\n<meta name=\"twitter:card\" content=\"summary_large_image\" \/>\n<script type=\"application\/ld+json\" class=\"yoast-schema-graph\">{\"@context\":\"https:\/\/schema.org\",\"@graph\":[{\"@type\":\"WebPage\",\"@id\":\"https:\/\/www.zgodovinska-mesta.si\/de\/ein-ort-fur-einem-tag\/\",\"url\":\"https:\/\/www.zgodovinska-mesta.si\/de\/ein-ort-fur-einem-tag\/\",\"name\":\"Ideen f\u00fcr Tagesausfl\u00fcge in slowenischen historischen St\u00e4dten\",\"isPartOf\":{\"@id\":\"https:\/\/www.zgodovinska-mesta.si\/de\/#website\"},\"datePublished\":\"2022-05-03T09:51:10+00:00\",\"dateModified\":\"2025-04-23T13:04:08+00:00\",\"description\":\"Schlendern Sie durch eine der historischen St\u00e4dte und lauschen Sie den Geschichten. Welches Ziel soll es sein? Lassen Sie sich von unserer Karte inspirieren.\",\"breadcrumb\":{\"@id\":\"https:\/\/www.zgodovinska-mesta.si\/de\/ein-ort-fur-einem-tag\/#breadcrumb\"},\"inLanguage\":\"de\",\"potentialAction\":[{\"@type\":\"ReadAction\",\"target\":[\"https:\/\/www.zgodovinska-mesta.si\/de\/ein-ort-fur-einem-tag\/\"]}]},{\"@type\":\"BreadcrumbList\",\"@id\":\"https:\/\/www.zgodovinska-mesta.si\/de\/ein-ort-fur-einem-tag\/#breadcrumb\",\"itemListElement\":[{\"@type\":\"ListItem\",\"position\":1,\"name\":\"Heim\",\"item\":\"https:\/\/www.zgodovinska-mesta.si\/de\/\"},{\"@type\":\"ListItem\",\"position\":2,\"name\":\"Ein Ort f\u00fcr einen Tag\"}]},{\"@type\":\"WebSite\",\"@id\":\"https:\/\/www.zgodovinska-mesta.si\/de\/#website\",\"url\":\"https:\/\/www.zgodovinska-mesta.si\/de\/\",\"name\":\"Zdru\u017eenje zgodovinskih mest Slovenije\",\"description\":\"\",\"publisher\":{\"@id\":\"https:\/\/www.zgodovinska-mesta.si\/de\/#organization\"},\"potentialAction\":[{\"@type\":\"SearchAction\",\"target\":{\"@type\":\"EntryPoint\",\"urlTemplate\":\"https:\/\/www.zgodovinska-mesta.si\/de\/?s={search_term_string}\"},\"query-input\":{\"@type\":\"PropertyValueSpecification\",\"valueRequired\":true,\"valueName\":\"search_term_string\"}}],\"inLanguage\":\"de\"},{\"@type\":\"Organization\",\"@id\":\"https:\/\/www.zgodovinska-mesta.si\/de\/#organization\",\"name\":\"Zdru\u017eenje zgodovinskih mest Slovenije\",\"url\":\"https:\/\/www.zgodovinska-mesta.si\/de\/\",\"logo\":{\"@type\":\"ImageObject\",\"inLanguage\":\"de\",\"@id\":\"https:\/\/www.zgodovinska-mesta.si\/de\/#\/schema\/logo\/image\/\",\"url\":\"https:\/\/www.zgodovinska-mesta.si\/wp-content\/uploads\/2024\/10\/logo_de.png\",\"contentUrl\":\"https:\/\/www.zgodovinska-mesta.si\/wp-content\/uploads\/2024\/10\/logo_de.png\",\"width\":200,\"height\":200,\"caption\":\"Zdru\u017eenje zgodovinskih mest Slovenije\"},\"image\":{\"@id\":\"https:\/\/www.zgodovinska-mesta.si\/de\/#\/schema\/logo\/image\/\"}}]}<\/script>\n<!-- \/ Yoast SEO plugin. -->","yoast_head_json":{"title":"Ideen f\u00fcr Tagesausfl\u00fcge in slowenischen historischen St\u00e4dten","description":"Schlendern Sie durch eine der historischen St\u00e4dte und lauschen Sie den Geschichten. Welches Ziel soll es sein? Lassen Sie sich von unserer Karte inspirieren.","robots":{"index":"index","follow":"follow","max-snippet":"max-snippet:-1","max-image-preview":"max-image-preview:large","max-video-preview":"max-video-preview:-1"},"canonical":"https:\/\/www.zgodovinska-mesta.si\/de\/ein-ort-fur-einem-tag\/","og_locale":"de_DE","og_type":"article","og_title":"Ideen f\u00fcr Tagesausfl\u00fcge in slowenischen historischen St\u00e4dten","og_description":"Schlendern Sie durch eine der historischen St\u00e4dte und lauschen Sie den Geschichten. Welches Ziel soll es sein? Lassen Sie sich von unserer Karte inspirieren.","og_url":"https:\/\/www.zgodovinska-mesta.si\/de\/ein-ort-fur-einem-tag\/","og_site_name":"Zdru\u017eenje zgodovinskih mest Slovenije","article_modified_time":"2025-04-23T13:04:08+00:00","twitter_card":"summary_large_image","schema":{"@context":"https:\/\/schema.org","@graph":[{"@type":"WebPage","@id":"https:\/\/www.zgodovinska-mesta.si\/de\/ein-ort-fur-einem-tag\/","url":"https:\/\/www.zgodovinska-mesta.si\/de\/ein-ort-fur-einem-tag\/","name":"Ideen f\u00fcr Tagesausfl\u00fcge in slowenischen historischen St\u00e4dten","isPartOf":{"@id":"https:\/\/www.zgodovinska-mesta.si\/de\/#website"},"datePublished":"2022-05-03T09:51:10+00:00","dateModified":"2025-04-23T13:04:08+00:00","description":"Schlendern Sie durch eine der historischen St\u00e4dte und lauschen Sie den Geschichten. Welches Ziel soll es sein? Lassen Sie sich von unserer Karte inspirieren.","breadcrumb":{"@id":"https:\/\/www.zgodovinska-mesta.si\/de\/ein-ort-fur-einem-tag\/#breadcrumb"},"inLanguage":"de","potentialAction":[{"@type":"ReadAction","target":["https:\/\/www.zgodovinska-mesta.si\/de\/ein-ort-fur-einem-tag\/"]}]},{"@type":"BreadcrumbList","@id":"https:\/\/www.zgodovinska-mesta.si\/de\/ein-ort-fur-einem-tag\/#breadcrumb","itemListElement":[{"@type":"ListItem","position":1,"name":"Heim","item":"https:\/\/www.zgodovinska-mesta.si\/de\/"},{"@type":"ListItem","position":2,"name":"Ein Ort f\u00fcr einen Tag"}]},{"@type":"WebSite","@id":"https:\/\/www.zgodovinska-mesta.si\/de\/#website","url":"https:\/\/www.zgodovinska-mesta.si\/de\/","name":"Zdru\u017eenje zgodovinskih mest Slovenije","description":"","publisher":{"@id":"https:\/\/www.zgodovinska-mesta.si\/de\/#organization"},"potentialAction":[{"@type":"SearchAction","target":{"@type":"EntryPoint","urlTemplate":"https:\/\/www.zgodovinska-mesta.si\/de\/?s={search_term_string}"},"query-input":{"@type":"PropertyValueSpecification","valueRequired":true,"valueName":"search_term_string"}}],"inLanguage":"de"},{"@type":"Organization","@id":"https:\/\/www.zgodovinska-mesta.si\/de\/#organization","name":"Zdru\u017eenje zgodovinskih mest Slovenije","url":"https:\/\/www.zgodovinska-mesta.si\/de\/","logo":{"@type":"ImageObject","inLanguage":"de","@id":"https:\/\/www.zgodovinska-mesta.si\/de\/#\/schema\/logo\/image\/","url":"https:\/\/www.zgodovinska-mesta.si\/wp-content\/uploads\/2024\/10\/logo_de.png","contentUrl":"https:\/\/www.zgodovinska-mesta.si\/wp-content\/uploads\/2024\/10\/logo_de.png","width":200,"height":200,"caption":"Zdru\u017eenje zgodovinskih mest Slovenije"},"image":{"@id":"https:\/\/www.zgodovinska-mesta.si\/de\/#\/schema\/logo\/image\/"}}]}},"_links":{"self":[{"href":"https:\/\/www.zgodovinska-mesta.si\/de\/wp-json\/wp\/v2\/pages\/10001","targetHints":{"allow":["GET"]}}],"collection":[{"href":"https:\/\/www.zgodovinska-mesta.si\/de\/wp-json\/wp\/v2\/pages"}],"about":[{"href":"https:\/\/www.zgodovinska-mesta.si\/de\/wp-json\/wp\/v2\/types\/page"}],"author":[{"embeddable":true,"href":"https:\/\/www.zgodovinska-mesta.si\/de\/wp-json\/wp\/v2\/users\/1"}],"replies":[{"embeddable":true,"href":"https:\/\/www.zgodovinska-mesta.si\/de\/wp-json\/wp\/v2\/comments?post=10001"}],"version-history":[{"count":3,"href":"https:\/\/www.zgodovinska-mesta.si\/de\/wp-json\/wp\/v2\/pages\/10001\/revisions"}],"predecessor-version":[{"id":10695,"href":"https:\/\/www.zgodovinska-mesta.si\/de\/wp-json\/wp\/v2\/pages\/10001\/revisions\/10695"}],"wp:attachment":[{"href":"https:\/\/www.zgodovinska-mesta.si\/de\/wp-json\/wp\/v2\/media?parent=10001"}],"curies":[{"name":"wp","href":"https:\/\/api.w.org\/{rel}","templated":true}]}}