{"id":9999,"date":"2022-05-09T07:37:57","date_gmt":"2022-05-09T07:37:57","guid":{"rendered":"https:\/\/www.zgodovinska-mesta.si\/contact\/"},"modified":"2023-12-03T23:58:58","modified_gmt":"2023-12-03T23:58:58","slug":"contact","status":"publish","type":"page","link":"https:\/\/www.zgodovinska-mesta.si\/de\/contact\/","title":{"rendered":"Contact"},"content":{"rendered":"<div id=\"header-banner\" class=\"fullwidth mb64\"><div class=\"banner_img_wrapper\"><div class=\"banner-image-single\"><img loading=\"lazy\" decoding=\"async\" width=\"1920\" height=\"676\" src=\"https:\/\/www.zgodovinska-mesta.si\/wp-content\/uploads\/2022\/05\/kontakt.png\" class=\"banner_img\" alt=\"\" srcset=\"https:\/\/www.zgodovinska-mesta.si\/wp-content\/uploads\/2022\/05\/kontakt.png 1920w, https:\/\/www.zgodovinska-mesta.si\/wp-content\/uploads\/2022\/05\/kontakt-300x106.png 300w, https:\/\/www.zgodovinska-mesta.si\/wp-content\/uploads\/2022\/05\/kontakt-1024x361.png 1024w, https:\/\/www.zgodovinska-mesta.si\/wp-content\/uploads\/2022\/05\/kontakt-1536x541.png 1536w\" sizes=\"auto, (max-width: 1920px) 100vw, 1920px\" \/><\/div><\/div><div class=\"banner-overlay\"><\/div><div class=\"content\"><div class=\"text-align-center max730\"><h1 class=\"title mb8 padding-top-40\">Kontaktieren Sie uns!<\/h1><p class=\"subtitle mb24 uppercase font18\">VERBAND HISTORISCHEN ST\u00c4DTE SLOWENIENS<\/p><hr class=\"hr-short\"><p class=\"mt16 mb24\"><strong>Anschrift: <\/strong><a href=\"https:\/\/www.google.com\/maps\/place\/Mestni+trg+15,+4220+%C5%A0kofja+Loka\/@46.1647809,14.3049067,17z\/\">Mestni trg 15, \u0160kofja Loka<\/a><br>\r\n<strong>Telefon: <\/strong><a href=\"tel:+38645132433\">+386 4 51 32 433<\/a><br>\r\n<strong>E-mail: <\/strong><a href=\"mailto:info@zgodovinska-mesta.si\">info@zgodovinska-mesta.si<\/a><br>\r\n<br>\r\n<h3>Wenn Sie Fragen zum Verband der historischen St\u00e4dte Sloweniens haben, f\u00fcllen Sie das untenstehende Formular aus. Wir werden Ihnen so schnell wie m\u00f6glich antworten.<\/h3><\/p><\/div><\/div><\/div><\/div>\n\n<div id=\"\" class=\"ow_container_section \">\n    <div class=\"container\">\n        <div class=\"content\">\n            \n\n<div class=\"container mt32 mb120\">\n  <div class=\"content max600\">\n    <script type=\"text\/javascript\">\n\/* <![CDATA[ *\/\nvar gform;gform||(document.addEventListener(\"gform_main_scripts_loaded\",function(){gform.scriptsLoaded=!0}),document.addEventListener(\"gform\/theme\/scripts_loaded\",function(){gform.themeScriptsLoaded=!0}),window.addEventListener(\"DOMContentLoaded\",function(){gform.domLoaded=!0}),gform={domLoaded:!1,scriptsLoaded:!1,themeScriptsLoaded:!1,isFormEditor:()=>\"function\"==typeof InitializeEditor,callIfLoaded:function(o){return!(!gform.domLoaded||!gform.scriptsLoaded||!gform.themeScriptsLoaded&&!gform.isFormEditor()||(gform.isFormEditor()&&console.warn(\"The use of gform.initializeOnLoaded() is deprecated in the form editor context and will be removed in Gravity Forms 3.1.\"),o(),0))},initializeOnLoaded:function(o){gform.callIfLoaded(o)||(document.addEventListener(\"gform_main_scripts_loaded\",()=>{gform.scriptsLoaded=!0,gform.callIfLoaded(o)}),document.addEventListener(\"gform\/theme\/scripts_loaded\",()=>{gform.themeScriptsLoaded=!0,gform.callIfLoaded(o)}),window.addEventListener(\"DOMContentLoaded\",()=>{gform.domLoaded=!0,gform.callIfLoaded(o)}))},hooks:{action:{},filter:{}},addAction:function(o,r,e,t){gform.addHook(\"action\",o,r,e,t)},addFilter:function(o,r,e,t){gform.addHook(\"filter\",o,r,e,t)},doAction:function(o){gform.doHook(\"action\",o,arguments)},applyFilters:function(o){return gform.doHook(\"filter\",o,arguments)},removeAction:function(o,r){gform.removeHook(\"action\",o,r)},removeFilter:function(o,r,e){gform.removeHook(\"filter\",o,r,e)},addHook:function(o,r,e,t,n){null==gform.hooks[o][r]&&(gform.hooks[o][r]=[]);var d=gform.hooks[o][r];null==n&&(n=r+\"_\"+d.length),gform.hooks[o][r].push({tag:n,callable:e,priority:t=null==t?10:t})},doHook:function(r,o,e){var t;if(e=Array.prototype.slice.call(e,1),null!=gform.hooks[r][o]&&((o=gform.hooks[r][o]).sort(function(o,r){return o.priority-r.priority}),o.forEach(function(o){\"function\"!=typeof(t=o.callable)&&(t=window[t]),\"action\"==r?t.apply(null,e):e[0]=t.apply(null,e)})),\"filter\"==r)return e[0]},removeHook:function(o,r,t,n){var e;null!=gform.hooks[o][r]&&(e=(e=gform.hooks[o][r]).filter(function(o,r,e){return!!(null!=n&&n!=o.tag||null!=t&&t!=o.priority)}),gform.hooks[o][r]=e)}});\n\/* ]]> *\/\n<\/script>\n\n                <div class='gf_browser_gecko gform_wrapper gravity-theme gform-theme--no-framework' data-form-theme='gravity-theme' data-form-index='0' id='gform_wrapper_5' ><div id='gf_5' class='gform_anchor' tabindex='-1'><\/div><form method='post' enctype='multipart\/form-data' target='gform_ajax_frame_5' id='gform_5'  action='\/de\/wp-json\/wp\/v2\/pages\/9999#gf_5' data-formid='5' novalidate>\n                        <div class='gform-body gform_body'><div id='gform_fields_5' class='gform_fields top_label form_sublabel_below description_below validation_below'><div id=\"field_5_8\" class=\"gfield gfield--type-honeypot gform_validation_container field_sublabel_below gfield--has-description field_description_below field_validation_below gfield_visibility_visible\"  ><label class='gfield_label gform-field-label' for='input_5_8'>Email<\/label><div class='ginput_container'><input name='input_8' id='input_5_8' type='text' value='' autocomplete='new-password'\/><\/div><div class='gfield_description' id='gfield_description_5_8'>Dieses Feld dient zur Validierung und sollte nicht ver\u00e4ndert werden.<\/div><\/div><div id=\"field_5_1\" class=\"gfield gfield--type-text gfield_contains_required field_sublabel_below gfield--no-description field_description_below hidden_label field_validation_below gfield_visibility_visible\"  ><label class='gfield_label gform-field-label' for='input_5_1'>Ime in priimek*<span class=\"gfield_required\"><span class=\"gfield_required gfield_required_text\">(erforderlich)<\/span><\/span><\/label><div class='ginput_container ginput_container_text'><input name='input_1' id='input_5_1' type='text' value='' class='large'    placeholder='Name and surname*' aria-required=\"true\" aria-invalid=\"false\"   \/><\/div><\/div><div id=\"field_5_3\" class=\"gfield gfield--type-email gfield_contains_required field_sublabel_below gfield--no-description field_description_below hidden_label field_validation_below gfield_visibility_visible\"  ><label class='gfield_label gform-field-label' for='input_5_3'>E-po\u0161ta*<span class=\"gfield_required\"><span class=\"gfield_required gfield_required_text\">(erforderlich)<\/span><\/span><\/label><div class='ginput_container ginput_container_email'>\n                            <input name='input_3' id='input_5_3' type='email' value='' class='large'   placeholder='E-mail*' aria-required=\"true\" aria-invalid=\"false\"  \/>\n                        <\/div><\/div><div id=\"field_5_4\" class=\"gfield gfield--type-phone gfield_contains_required field_sublabel_below gfield--no-description field_description_below hidden_label field_validation_below gfield_visibility_visible\"  ><label class='gfield_label gform-field-label' for='input_5_4'>Telefonska \u0161tevilka<span class=\"gfield_required\"><span class=\"gfield_required gfield_required_text\">(erforderlich)<\/span><\/span><\/label><div class='ginput_container ginput_container_phone'><input name='input_4' id='input_5_4' type='tel' value='' class='large'  placeholder='Telephone number*' aria-required=\"true\" aria-invalid=\"false\"   \/><\/div><\/div><div id=\"field_5_5\" class=\"gfield gfield--type-text gfield_contains_required field_sublabel_below gfield--no-description field_description_below hidden_label field_validation_below gfield_visibility_visible\"  ><label class='gfield_label gform-field-label' for='input_5_5'>UntitledZadeva<span class=\"gfield_required\"><span class=\"gfield_required gfield_required_text\">(erforderlich)<\/span><\/span><\/label><div class='ginput_container ginput_container_text'><input name='input_5' id='input_5_5' type='text' value='' class='large'    placeholder='Subject*' aria-required=\"true\" aria-invalid=\"false\"   \/><\/div><\/div><div id=\"field_5_6\" class=\"gfield gfield--type-textarea gfield_contains_required field_sublabel_below gfield--no-description field_description_below hidden_label field_validation_below gfield_visibility_visible\"  ><label class='gfield_label gform-field-label' for='input_5_6'>Sporo\u010dilo*<span class=\"gfield_required\"><span class=\"gfield_required gfield_required_text\">(erforderlich)<\/span><\/span><\/label><div class='ginput_container ginput_container_textarea'><textarea name='input_6' id='input_5_6' class='textarea large'    placeholder='Message*' aria-required=\"true\" aria-invalid=\"false\"   rows='10' cols='50'><\/textarea><\/div><\/div><div id=\"field_5_7\" class=\"gfield gfield--type-captcha gfield--width-full field_sublabel_below gfield--no-description field_description_below hidden_label field_validation_below gfield_visibility_visible\"  ><label class='gfield_label gform-field-label' for='input_5_7'>CAPTCHA<\/label><div id='input_5_7' class='ginput_container ginput_recaptcha' data-sitekey='6Lew5McqAAAAANlcGuzY1LuIWw2V39-RT0bk7ayX'  data-theme='light' data-tabindex='-1' data-size='invisible' data-badge='bottomright'><\/div><\/div><\/div><\/div>\n        <div class='gform-footer gform_footer top_label'> <input type='submit' id='gform_submit_button_5' class='gform_button button' onclick='gform.submission.handleButtonClick(this);' data-submission-type='submit' value='SENT'  \/> <input type='hidden' name='gform_ajax' value='form_id=5&amp;title=&amp;description=&amp;tabindex=0&amp;theme=gravity-theme&amp;styles=[]&amp;hash=e1cbaac79f96e9653b52e39e0a1f73a9' \/>\n            <input type='hidden' class='gform_hidden' name='gform_submission_method' data-js='gform_submission_method_5' value='iframe' \/>\n            <input type='hidden' class='gform_hidden' name='gform_theme' data-js='gform_theme_5' id='gform_theme_5' value='gravity-theme' \/>\n            <input type='hidden' class='gform_hidden' name='gform_style_settings' data-js='gform_style_settings_5' id='gform_style_settings_5' value='[]' \/>\n            <input type='hidden' class='gform_hidden' name='is_submit_5' value='1' \/>\n            <input type='hidden' class='gform_hidden' name='gform_submit' value='5' \/>\n            \n            <input type='hidden' class='gform_hidden' name='gform_currency' data-currency='EUR' value='C3JEleVvGVaQDg6QW5Wd3LTNV7G1\/267WruNXk9tpOAY6iOmj\/rXFUnesNIOtFDwcT3B9gySoKGQryHyS+7892DGHXMYPknGNcN6QStdopjywUI=' \/>\n            <input type='hidden' class='gform_hidden' name='gform_unique_id' value='' \/>\n            <input type='hidden' class='gform_hidden' name='state_5' value='WyJbXSIsImYwODU2ZTI1NzcyYWIyODE5MjRlZmRmNzA4ZjlkYzA3Il0=' \/>\n            <input type='hidden' autocomplete='off' class='gform_hidden' name='gform_target_page_number_5' id='gform_target_page_number_5' value='0' \/>\n            <input type='hidden' autocomplete='off' class='gform_hidden' name='gform_source_page_number_5' id='gform_source_page_number_5' value='1' \/>\n            <input type='hidden' name='gform_field_values' value='' \/>\n            \n        <\/div>\n                        <\/form>\n                        <\/div>\n\t\t                <iframe style='display:none;width:0px;height:0px;' src='about:blank' name='gform_ajax_frame_5' id='gform_ajax_frame_5' title='Dieser iframe enth\u00e4lt die erforderliche Logik um Gravity Forms Formulare mit AJAX zu handhaben.'><\/iframe>\n\t\t                <script type=\"text\/javascript\">\n\/* <![CDATA[ *\/\n gform.initializeOnLoaded( function() {gformInitSpinner( 5, 'https:\/\/www.zgodovinska-mesta.si\/wp-content\/plugins\/gravityforms\/images\/spinner.svg', true );jQuery('#gform_ajax_frame_5').on('load',function(){var contents = jQuery(this).contents().find('*').html();var is_postback = contents.indexOf('GF_AJAX_POSTBACK') >= 0;if(!is_postback){return;}var form_content = jQuery(this).contents().find('#gform_wrapper_5');var is_confirmation = jQuery(this).contents().find('#gform_confirmation_wrapper_5').length > 0;var is_redirect = contents.indexOf('gformRedirect(){') >= 0;var is_form = form_content.length > 0 && ! is_redirect && ! is_confirmation;var mt = parseInt(jQuery('html').css('margin-top'), 10) + parseInt(jQuery('body').css('margin-top'), 10) + 100;if(is_form){jQuery('#gform_wrapper_5').html(form_content.html());if(form_content.hasClass('gform_validation_error')){jQuery('#gform_wrapper_5').addClass('gform_validation_error');} else {jQuery('#gform_wrapper_5').removeClass('gform_validation_error');}setTimeout( function() { \/* delay the scroll by 50 milliseconds to fix a bug in chrome *\/ jQuery(document).scrollTop(jQuery('#gform_wrapper_5').offset().top - mt); }, 50 );if(window['gformInitDatepicker']) {gformInitDatepicker();}if(window['gformInitPriceFields']) {gformInitPriceFields();}var current_page = jQuery('#gform_source_page_number_5').val();gformInitSpinner( 5, 'https:\/\/www.zgodovinska-mesta.si\/wp-content\/plugins\/gravityforms\/images\/spinner.svg', true );jQuery(document).trigger('gform_page_loaded', [5, current_page]);window['gf_submitting_5'] = false;}else if(!is_redirect){var confirmation_content = jQuery(this).contents().find('.GF_AJAX_POSTBACK').html();if(!confirmation_content){confirmation_content = contents;}jQuery('#gform_wrapper_5').replaceWith(confirmation_content);jQuery(document).scrollTop(jQuery('#gf_5').offset().top - mt);jQuery(document).trigger('gform_confirmation_loaded', [5]);window['gf_submitting_5'] = false;wp.a11y.speak(jQuery('#gform_confirmation_message_5').text());}else{jQuery('#gform_5').append(contents);if(window['gformRedirect']) {gformRedirect();}}jQuery(document).trigger(\"gform_pre_post_render\", [{ formId: \"5\", currentPage: \"current_page\", abort: function() { this.preventDefault(); } }]);        if (event && event.defaultPrevented) {                return;        }        const gformWrapperDiv = document.getElementById( \"gform_wrapper_5\" );        if ( gformWrapperDiv ) {            const visibilitySpan = document.createElement( \"span\" );            visibilitySpan.id = \"gform_visibility_test_5\";            gformWrapperDiv.insertAdjacentElement( \"afterend\", visibilitySpan );        }        const visibilityTestDiv = document.getElementById( \"gform_visibility_test_5\" );        let postRenderFired = false;        function triggerPostRender() {            if ( postRenderFired ) {                return;            }            postRenderFired = true;            gform.core.triggerPostRenderEvents( 5, current_page );            if ( visibilityTestDiv ) {                visibilityTestDiv.parentNode.removeChild( visibilityTestDiv );            }        }        function debounce( func, wait, immediate ) {            var timeout;            return function() {                var context = this, args = arguments;                var later = function() {                    timeout = null;                    if ( !immediate ) func.apply( context, args );                };                var callNow = immediate && !timeout;                clearTimeout( timeout );                timeout = setTimeout( later, wait );                if ( callNow ) func.apply( context, args );            };        }        const debouncedTriggerPostRender = debounce( function() {            triggerPostRender();        }, 200 );        if ( visibilityTestDiv && visibilityTestDiv.offsetParent === null ) {            const observer = new MutationObserver( ( mutations ) => {                mutations.forEach( ( mutation ) => {                    if ( mutation.type === 'attributes' && visibilityTestDiv.offsetParent !== null ) {                        debouncedTriggerPostRender();                        observer.disconnect();                    }                });            });            observer.observe( document.body, {                attributes: true,                childList: false,                subtree: true,                attributeFilter: [ 'style', 'class' ],            });        } else {            triggerPostRender();        }    } );} ); \n\/* ]]> *\/\n<\/script>\n\n  <\/div>\n<\/div>\n\n\n        <\/div>\n    <\/div>\n<\/div>","protected":false},"excerpt":{"rendered":"","protected":false},"author":1,"featured_media":0,"parent":0,"menu_order":0,"comment_status":"closed","ping_status":"closed","template":"","meta":{"_acf_changed":false,"footnotes":""},"class_list":["post-9999","page","type-page","status-publish","hentry"],"acf":[],"yoast_head":"<!-- This site is optimized with the Yoast SEO plugin v27.0 - https:\/\/yoast.com\/product\/yoast-seo-wordpress\/ -->\n<title>Verband der historischen St\u00e4dte Sloweniens | Kontakt<\/title>\n<meta name=\"description\" content=\"Kontaktdaten des Vereins Historische St\u00e4dte Sloweniens in \u0160kofja Loka: E-Mail, Telefonnummer, B\u00fcroadresse. Kontaktieren Sie uns!\" \/>\n<meta name=\"robots\" content=\"index, follow, max-snippet:-1, max-image-preview:large, max-video-preview:-1\" \/>\n<link rel=\"canonical\" href=\"https:\/\/www.zgodovinska-mesta.si\/de\/contact\/\" \/>\n<meta property=\"og:locale\" content=\"de_DE\" \/>\n<meta property=\"og:type\" content=\"article\" \/>\n<meta property=\"og:title\" content=\"Verband der historischen St\u00e4dte Sloweniens | Kontakt\" \/>\n<meta property=\"og:description\" content=\"Kontaktdaten des Vereins Historische St\u00e4dte Sloweniens in \u0160kofja Loka: E-Mail, Telefonnummer, B\u00fcroadresse. Kontaktieren Sie uns!\" \/>\n<meta property=\"og:url\" content=\"https:\/\/www.zgodovinska-mesta.si\/de\/contact\/\" \/>\n<meta property=\"og:site_name\" content=\"Zdru\u017eenje zgodovinskih mest Slovenije\" \/>\n<meta property=\"article:modified_time\" content=\"2023-12-03T23:58:58+00:00\" \/>\n<meta name=\"twitter:card\" content=\"summary_large_image\" \/>\n<meta name=\"twitter:label1\" content=\"Gesch\u00e4tzte Lesezeit\" \/>\n\t<meta name=\"twitter:data1\" content=\"1\u00a0Minute\" \/>\n<script type=\"application\/ld+json\" class=\"yoast-schema-graph\">{\"@context\":\"https:\/\/schema.org\",\"@graph\":[{\"@type\":\"WebPage\",\"@id\":\"https:\/\/www.zgodovinska-mesta.si\/de\/contact\/\",\"url\":\"https:\/\/www.zgodovinska-mesta.si\/de\/contact\/\",\"name\":\"Verband der historischen St\u00e4dte Sloweniens | Kontakt\",\"isPartOf\":{\"@id\":\"https:\/\/www.zgodovinska-mesta.si\/de\/#website\"},\"datePublished\":\"2022-05-09T07:37:57+00:00\",\"dateModified\":\"2023-12-03T23:58:58+00:00\",\"description\":\"Kontaktdaten des Vereins Historische St\u00e4dte Sloweniens in \u0160kofja Loka: E-Mail, Telefonnummer, B\u00fcroadresse. Kontaktieren Sie uns!\",\"breadcrumb\":{\"@id\":\"https:\/\/www.zgodovinska-mesta.si\/de\/contact\/#breadcrumb\"},\"inLanguage\":\"de\",\"potentialAction\":[{\"@type\":\"ReadAction\",\"target\":[\"https:\/\/www.zgodovinska-mesta.si\/de\/contact\/\"]}]},{\"@type\":\"BreadcrumbList\",\"@id\":\"https:\/\/www.zgodovinska-mesta.si\/de\/contact\/#breadcrumb\",\"itemListElement\":[{\"@type\":\"ListItem\",\"position\":1,\"name\":\"Heim\",\"item\":\"https:\/\/www.zgodovinska-mesta.si\/de\/\"},{\"@type\":\"ListItem\",\"position\":2,\"name\":\"Contact\"}]},{\"@type\":\"WebSite\",\"@id\":\"https:\/\/www.zgodovinska-mesta.si\/de\/#website\",\"url\":\"https:\/\/www.zgodovinska-mesta.si\/de\/\",\"name\":\"Zdru\u017eenje zgodovinskih mest Slovenije\",\"description\":\"\",\"publisher\":{\"@id\":\"https:\/\/www.zgodovinska-mesta.si\/de\/#organization\"},\"potentialAction\":[{\"@type\":\"SearchAction\",\"target\":{\"@type\":\"EntryPoint\",\"urlTemplate\":\"https:\/\/www.zgodovinska-mesta.si\/de\/?s={search_term_string}\"},\"query-input\":{\"@type\":\"PropertyValueSpecification\",\"valueRequired\":true,\"valueName\":\"search_term_string\"}}],\"inLanguage\":\"de\"},{\"@type\":\"Organization\",\"@id\":\"https:\/\/www.zgodovinska-mesta.si\/de\/#organization\",\"name\":\"Zdru\u017eenje zgodovinskih mest Slovenije\",\"url\":\"https:\/\/www.zgodovinska-mesta.si\/de\/\",\"logo\":{\"@type\":\"ImageObject\",\"inLanguage\":\"de\",\"@id\":\"https:\/\/www.zgodovinska-mesta.si\/de\/#\/schema\/logo\/image\/\",\"url\":\"https:\/\/www.zgodovinska-mesta.si\/wp-content\/uploads\/2024\/10\/logo_de.png\",\"contentUrl\":\"https:\/\/www.zgodovinska-mesta.si\/wp-content\/uploads\/2024\/10\/logo_de.png\",\"width\":200,\"height\":200,\"caption\":\"Zdru\u017eenje zgodovinskih mest Slovenije\"},\"image\":{\"@id\":\"https:\/\/www.zgodovinska-mesta.si\/de\/#\/schema\/logo\/image\/\"}}]}<\/script>\n<!-- \/ Yoast SEO plugin. -->","yoast_head_json":{"title":"Verband der historischen St\u00e4dte Sloweniens | Kontakt","description":"Kontaktdaten des Vereins Historische St\u00e4dte Sloweniens in \u0160kofja Loka: E-Mail, Telefonnummer, B\u00fcroadresse. Kontaktieren Sie uns!","robots":{"index":"index","follow":"follow","max-snippet":"max-snippet:-1","max-image-preview":"max-image-preview:large","max-video-preview":"max-video-preview:-1"},"canonical":"https:\/\/www.zgodovinska-mesta.si\/de\/contact\/","og_locale":"de_DE","og_type":"article","og_title":"Verband der historischen St\u00e4dte Sloweniens | Kontakt","og_description":"Kontaktdaten des Vereins Historische St\u00e4dte Sloweniens in \u0160kofja Loka: E-Mail, Telefonnummer, B\u00fcroadresse. Kontaktieren Sie uns!","og_url":"https:\/\/www.zgodovinska-mesta.si\/de\/contact\/","og_site_name":"Zdru\u017eenje zgodovinskih mest Slovenije","article_modified_time":"2023-12-03T23:58:58+00:00","twitter_card":"summary_large_image","twitter_misc":{"Gesch\u00e4tzte Lesezeit":"1\u00a0Minute"},"schema":{"@context":"https:\/\/schema.org","@graph":[{"@type":"WebPage","@id":"https:\/\/www.zgodovinska-mesta.si\/de\/contact\/","url":"https:\/\/www.zgodovinska-mesta.si\/de\/contact\/","name":"Verband der historischen St\u00e4dte Sloweniens | Kontakt","isPartOf":{"@id":"https:\/\/www.zgodovinska-mesta.si\/de\/#website"},"datePublished":"2022-05-09T07:37:57+00:00","dateModified":"2023-12-03T23:58:58+00:00","description":"Kontaktdaten des Vereins Historische St\u00e4dte Sloweniens in \u0160kofja Loka: E-Mail, Telefonnummer, B\u00fcroadresse. Kontaktieren Sie uns!","breadcrumb":{"@id":"https:\/\/www.zgodovinska-mesta.si\/de\/contact\/#breadcrumb"},"inLanguage":"de","potentialAction":[{"@type":"ReadAction","target":["https:\/\/www.zgodovinska-mesta.si\/de\/contact\/"]}]},{"@type":"BreadcrumbList","@id":"https:\/\/www.zgodovinska-mesta.si\/de\/contact\/#breadcrumb","itemListElement":[{"@type":"ListItem","position":1,"name":"Heim","item":"https:\/\/www.zgodovinska-mesta.si\/de\/"},{"@type":"ListItem","position":2,"name":"Contact"}]},{"@type":"WebSite","@id":"https:\/\/www.zgodovinska-mesta.si\/de\/#website","url":"https:\/\/www.zgodovinska-mesta.si\/de\/","name":"Zdru\u017eenje zgodovinskih mest Slovenije","description":"","publisher":{"@id":"https:\/\/www.zgodovinska-mesta.si\/de\/#organization"},"potentialAction":[{"@type":"SearchAction","target":{"@type":"EntryPoint","urlTemplate":"https:\/\/www.zgodovinska-mesta.si\/de\/?s={search_term_string}"},"query-input":{"@type":"PropertyValueSpecification","valueRequired":true,"valueName":"search_term_string"}}],"inLanguage":"de"},{"@type":"Organization","@id":"https:\/\/www.zgodovinska-mesta.si\/de\/#organization","name":"Zdru\u017eenje zgodovinskih mest Slovenije","url":"https:\/\/www.zgodovinska-mesta.si\/de\/","logo":{"@type":"ImageObject","inLanguage":"de","@id":"https:\/\/www.zgodovinska-mesta.si\/de\/#\/schema\/logo\/image\/","url":"https:\/\/www.zgodovinska-mesta.si\/wp-content\/uploads\/2024\/10\/logo_de.png","contentUrl":"https:\/\/www.zgodovinska-mesta.si\/wp-content\/uploads\/2024\/10\/logo_de.png","width":200,"height":200,"caption":"Zdru\u017eenje zgodovinskih mest Slovenije"},"image":{"@id":"https:\/\/www.zgodovinska-mesta.si\/de\/#\/schema\/logo\/image\/"}}]}},"_links":{"self":[{"href":"https:\/\/www.zgodovinska-mesta.si\/de\/wp-json\/wp\/v2\/pages\/9999","targetHints":{"allow":["GET"]}}],"collection":[{"href":"https:\/\/www.zgodovinska-mesta.si\/de\/wp-json\/wp\/v2\/pages"}],"about":[{"href":"https:\/\/www.zgodovinska-mesta.si\/de\/wp-json\/wp\/v2\/types\/page"}],"author":[{"embeddable":true,"href":"https:\/\/www.zgodovinska-mesta.si\/de\/wp-json\/wp\/v2\/users\/1"}],"replies":[{"embeddable":true,"href":"https:\/\/www.zgodovinska-mesta.si\/de\/wp-json\/wp\/v2\/comments?post=9999"}],"version-history":[{"count":15,"href":"https:\/\/www.zgodovinska-mesta.si\/de\/wp-json\/wp\/v2\/pages\/9999\/revisions"}],"predecessor-version":[{"id":13981,"href":"https:\/\/www.zgodovinska-mesta.si\/de\/wp-json\/wp\/v2\/pages\/9999\/revisions\/13981"}],"wp:attachment":[{"href":"https:\/\/www.zgodovinska-mesta.si\/de\/wp-json\/wp\/v2\/media?parent=9999"}],"curies":[{"name":"wp","href":"https:\/\/api.w.org\/{rel}","templated":true}]}}