{"id":7319,"date":"2022-05-07T13:44:02","date_gmt":"2022-05-07T13:44:02","guid":{"rendered":"https:\/\/www.zgodovinska-mesta.si\/o-zdruzenju\/"},"modified":"2024-08-29T07:52:21","modified_gmt":"2024-08-29T07:52:21","slug":"about-the-association","status":"publish","type":"page","link":"https:\/\/www.zgodovinska-mesta.si\/en\/about-the-association\/","title":{"rendered":"About the Association"},"content":{"rendered":"<div id=\"header-banner\" class=\"fullwidth mb64\"><div class=\"banner_img_wrapper\"><div class=\"banner-image-single\"><img loading=\"lazy\" decoding=\"async\" width=\"1400\" height=\"933\" src=\"https:\/\/www.zgodovinska-mesta.si\/wp-content\/uploads\/2022\/05\/o-nas.jpg\" class=\"banner_img\" alt=\"\" srcset=\"https:\/\/www.zgodovinska-mesta.si\/wp-content\/uploads\/2022\/05\/o-nas.jpg 1400w, https:\/\/www.zgodovinska-mesta.si\/wp-content\/uploads\/2022\/05\/o-nas-300x200.jpg 300w, https:\/\/www.zgodovinska-mesta.si\/wp-content\/uploads\/2022\/05\/o-nas-1024x682.jpg 1024w\" sizes=\"auto, (max-width: 1400px) 100vw, 1400px\" \/><\/div><\/div><div class=\"banner-overlay\"><\/div><\/div>\n\n<div id=\"\" class=\"ow_container_section \">\n    <div class=\"container\">\n        <div class=\"content\">\n            \n\n<div class=\"wp-block-columns is-layout-flex wp-container-core-columns-is-layout-9d6595d7 wp-block-columns-is-layout-flex\">\n<div class=\"wp-block-column is-layout-flow wp-block-column-is-layout-flow\"><div class=\"wp-block-image\">\n<figure class=\"aligncenter size-full\"><img loading=\"lazy\" decoding=\"async\" width=\"147\" height=\"200\" src=\"https:\/\/www.zgodovinska-mesta.si\/wp-content\/uploads\/2022\/05\/logo.png\" alt=\"\" class=\"wp-image-1283\"\/><\/figure>\n<\/div><\/div>\n\n\n\n<div class=\"wp-block-column is-layout-flow wp-block-column-is-layout-flow\">\n<p>The Association of Historic Towns of Slovenia was founded only a few months after the establishment of the European Association of Historic Towns and Regions. This speaks of a great will and vision, as well as the simultaneous awareness of mayors and municipal administrations that only connected and joint action and the exchange of good and less good experiences of municipalities and historical cities with similar problems, challenges and ideas leads to more successful work, better solutions and thus development of our historic cities.<\/p>\n<\/div>\n<\/div>\n\n\n        <\/div>\n    <\/div>\n<\/div>\n\n<div id=\"\" class=\"ow_container_section \">\n    <div class=\"container\">\n        <div class=\"content\">\n            \n\n<div class=\"wp-block-columns is-layout-flex wp-container-core-columns-is-layout-9d6595d7 wp-block-columns-is-layout-flex\">\n<div class=\"wp-block-column is-layout-flow wp-block-column-is-layout-flow\">\n<p>During the years of operation, Bre\u017eice, Celje, \u010crnomelj, Jesenice, Kamnik, Kranj, Kostanjevica na Krka, Metlika, Novo mesto, Radovljica, Ravne na Koro\u0161kem, Slovenj Gradec, Slovenske Konjice, \u0160entjur and \u017du\u017eemberk joined the Association of Historical Cities of Slovenia. the fact that the Association&#8217;s activities were heard, resounding and, above all, successful. We are happy and proud of each new member, because there are more of us, the more our voice is heard and our activities can be more successful both for the benefit of our member cities and our residents.<\/p>\n\n\n\n<p class=\"has-red-link\"><br><a href=\"https:\/\/www.zgodovinska-mesta.si\/mesta\">O<\/a><a href=\"https:\/\/www.zgodovinska-mesta.si\/en\/towns\/\">UR MEMBERS<\/a><\/p>\n<\/div>\n\n\n\n<div class=\"wp-block-column is-layout-flow wp-block-column-is-layout-flow\"><div class=\"wp-block-image\">\n<figure class=\"aligncenter size-full\"><img loading=\"lazy\" decoding=\"async\" width=\"845\" height=\"684\" src=\"https:\/\/www.zgodovinska-mesta.si\/wp-content\/uploads\/2022\/05\/o-zdruzenju.png\" alt=\"\" class=\"wp-image-1315\" srcset=\"https:\/\/www.zgodovinska-mesta.si\/wp-content\/uploads\/2022\/05\/o-zdruzenju.png 845w, https:\/\/www.zgodovinska-mesta.si\/wp-content\/uploads\/2022\/05\/o-zdruzenju-300x243.png 300w\" sizes=\"auto, (max-width: 845px) 100vw, 845px\" \/><\/figure>\n<\/div><\/div>\n<\/div>\n\n\n        <\/div>\n    <\/div>\n<\/div>\n\n<div id=\"\" class=\"ow_container_section \">\n    <div class=\"container\">\n        <div class=\"content\">\n            \n        <\/div>\n    <\/div>\n<\/div>\n\n<div id=\"\" class=\"ow_container_section \">\n    <div class=\"container\">\n        <div class=\"content\">\n            \n\n<h2 class=\"wp-block-heading\">Important documents<\/h2>\n\n\n\n<p><a class=\"pdf\" href=\"https:\/\/www.zgodovinska-mesta.si\/wp-content\/uploads\/2022\/05\/Logo.pdf\" target=\"_blank\" rel=\"noreferrer noopener\">Logo.pdf<\/a><\/p>\n\n\n\n<p><a class=\"pdf\" href=\"https:\/\/www.zgodovinska-mesta.si\/wp-content\/uploads\/2022\/05\/Logo.pdf\">Zdru\u017eenje zgodovinskih mest.pdf<\/a><\/p>\n\n\n        <\/div>\n    <\/div>\n<\/div>\n\n\n<p><\/p>\n","protected":false},"excerpt":{"rendered":"","protected":false},"author":1,"featured_media":0,"parent":0,"menu_order":0,"comment_status":"closed","ping_status":"closed","template":"","meta":{"_acf_changed":false,"footnotes":""},"class_list":["post-7319","page","type-page","status-publish","hentry"],"acf":[],"yoast_head":"<!-- This site is optimized with the Yoast SEO plugin v27.0 - https:\/\/yoast.com\/product\/yoast-seo-wordpress\/ -->\n<title>About us | Association of Slovenian historical towns<\/title>\n<meta name=\"description\" content=\"We promote the cultural heritage of Slovenia\u2019s historical towns since 2001. Read about the origins and vision of the Association of Slovenian historical towns.\" \/>\n<meta name=\"robots\" content=\"index, follow, max-snippet:-1, max-image-preview:large, max-video-preview:-1\" \/>\n<link rel=\"canonical\" href=\"https:\/\/www.zgodovinska-mesta.si\/en\/about-the-association\/\" \/>\n<meta property=\"og:locale\" content=\"en_US\" \/>\n<meta property=\"og:type\" content=\"article\" \/>\n<meta property=\"og:title\" content=\"About us | Association of Slovenian historical towns\" \/>\n<meta property=\"og:description\" content=\"We promote the cultural heritage of Slovenia\u2019s historical towns since 2001. Read about the origins and vision of the Association of Slovenian historical towns.\" \/>\n<meta property=\"og:url\" content=\"https:\/\/www.zgodovinska-mesta.si\/en\/about-the-association\/\" \/>\n<meta property=\"og:site_name\" content=\"Zdru\u017eenje zgodovinskih mest Slovenije\" \/>\n<meta property=\"article:modified_time\" content=\"2024-08-29T07:52:21+00:00\" \/>\n<meta property=\"og:image\" content=\"https:\/\/www.zgodovinska-mesta.si\/wp-content\/uploads\/2022\/05\/logo.png\" \/>\n<meta name=\"twitter:card\" content=\"summary_large_image\" \/>\n<meta name=\"twitter:label1\" content=\"Est. reading time\" \/>\n\t<meta name=\"twitter:data1\" content=\"2 minutes\" \/>\n<script type=\"application\/ld+json\" class=\"yoast-schema-graph\">{\"@context\":\"https:\/\/schema.org\",\"@graph\":[{\"@type\":\"WebPage\",\"@id\":\"https:\/\/www.zgodovinska-mesta.si\/en\/about-the-association\/\",\"url\":\"https:\/\/www.zgodovinska-mesta.si\/en\/about-the-association\/\",\"name\":\"About us | Association of Slovenian historical towns\",\"isPartOf\":{\"@id\":\"https:\/\/www.zgodovinska-mesta.si\/en\/#website\"},\"primaryImageOfPage\":{\"@id\":\"https:\/\/www.zgodovinska-mesta.si\/en\/about-the-association\/#primaryimage\"},\"image\":{\"@id\":\"https:\/\/www.zgodovinska-mesta.si\/en\/about-the-association\/#primaryimage\"},\"thumbnailUrl\":\"https:\/\/www.zgodovinska-mesta.si\/wp-content\/uploads\/2022\/05\/logo.png\",\"datePublished\":\"2022-05-07T13:44:02+00:00\",\"dateModified\":\"2024-08-29T07:52:21+00:00\",\"description\":\"We promote the cultural heritage of Slovenia\u2019s historical towns since 2001. Read about the origins and vision of the Association of Slovenian historical towns.\",\"breadcrumb\":{\"@id\":\"https:\/\/www.zgodovinska-mesta.si\/en\/about-the-association\/#breadcrumb\"},\"inLanguage\":\"en-US\",\"potentialAction\":[{\"@type\":\"ReadAction\",\"target\":[\"https:\/\/www.zgodovinska-mesta.si\/en\/about-the-association\/\"]}]},{\"@type\":\"ImageObject\",\"inLanguage\":\"en-US\",\"@id\":\"https:\/\/www.zgodovinska-mesta.si\/en\/about-the-association\/#primaryimage\",\"url\":\"https:\/\/www.zgodovinska-mesta.si\/wp-content\/uploads\/2022\/05\/logo.png\",\"contentUrl\":\"https:\/\/www.zgodovinska-mesta.si\/wp-content\/uploads\/2022\/05\/logo.png\"},{\"@type\":\"BreadcrumbList\",\"@id\":\"https:\/\/www.zgodovinska-mesta.si\/en\/about-the-association\/#breadcrumb\",\"itemListElement\":[{\"@type\":\"ListItem\",\"position\":1,\"name\":\"Home\",\"item\":\"https:\/\/www.zgodovinska-mesta.si\/en\/\"},{\"@type\":\"ListItem\",\"position\":2,\"name\":\"About the Association\"}]},{\"@type\":\"WebSite\",\"@id\":\"https:\/\/www.zgodovinska-mesta.si\/en\/#website\",\"url\":\"https:\/\/www.zgodovinska-mesta.si\/en\/\",\"name\":\"Zdru\u017eenje zgodovinskih mest Slovenije\",\"description\":\"\",\"publisher\":{\"@id\":\"https:\/\/www.zgodovinska-mesta.si\/en\/#organization\"},\"potentialAction\":[{\"@type\":\"SearchAction\",\"target\":{\"@type\":\"EntryPoint\",\"urlTemplate\":\"https:\/\/www.zgodovinska-mesta.si\/en\/?s={search_term_string}\"},\"query-input\":{\"@type\":\"PropertyValueSpecification\",\"valueRequired\":true,\"valueName\":\"search_term_string\"}}],\"inLanguage\":\"en-US\"},{\"@type\":\"Organization\",\"@id\":\"https:\/\/www.zgodovinska-mesta.si\/en\/#organization\",\"name\":\"Zdru\u017eenje zgodovinskih mest Slovenije\",\"url\":\"https:\/\/www.zgodovinska-mesta.si\/en\/\",\"logo\":{\"@type\":\"ImageObject\",\"inLanguage\":\"en-US\",\"@id\":\"https:\/\/www.zgodovinska-mesta.si\/en\/#\/schema\/logo\/image\/\",\"url\":\"https:\/\/www.zgodovinska-mesta.si\/wp-content\/uploads\/2024\/10\/logo_en.png\",\"contentUrl\":\"https:\/\/www.zgodovinska-mesta.si\/wp-content\/uploads\/2024\/10\/logo_en.png\",\"width\":200,\"height\":200,\"caption\":\"Zdru\u017eenje zgodovinskih mest Slovenije\"},\"image\":{\"@id\":\"https:\/\/www.zgodovinska-mesta.si\/en\/#\/schema\/logo\/image\/\"}}]}<\/script>\n<!-- \/ Yoast SEO plugin. -->","yoast_head_json":{"title":"About us | Association of Slovenian historical towns","description":"We promote the cultural heritage of Slovenia\u2019s historical towns since 2001. Read about the origins and vision of the Association of Slovenian historical towns.","robots":{"index":"index","follow":"follow","max-snippet":"max-snippet:-1","max-image-preview":"max-image-preview:large","max-video-preview":"max-video-preview:-1"},"canonical":"https:\/\/www.zgodovinska-mesta.si\/en\/about-the-association\/","og_locale":"en_US","og_type":"article","og_title":"About us | Association of Slovenian historical towns","og_description":"We promote the cultural heritage of Slovenia\u2019s historical towns since 2001. Read about the origins and vision of the Association of Slovenian historical towns.","og_url":"https:\/\/www.zgodovinska-mesta.si\/en\/about-the-association\/","og_site_name":"Zdru\u017eenje zgodovinskih mest Slovenije","article_modified_time":"2024-08-29T07:52:21+00:00","og_image":[{"url":"https:\/\/www.zgodovinska-mesta.si\/wp-content\/uploads\/2022\/05\/logo.png","type":"","width":"","height":""}],"twitter_card":"summary_large_image","twitter_misc":{"Est. reading time":"2 minutes"},"schema":{"@context":"https:\/\/schema.org","@graph":[{"@type":"WebPage","@id":"https:\/\/www.zgodovinska-mesta.si\/en\/about-the-association\/","url":"https:\/\/www.zgodovinska-mesta.si\/en\/about-the-association\/","name":"About us | Association of Slovenian historical towns","isPartOf":{"@id":"https:\/\/www.zgodovinska-mesta.si\/en\/#website"},"primaryImageOfPage":{"@id":"https:\/\/www.zgodovinska-mesta.si\/en\/about-the-association\/#primaryimage"},"image":{"@id":"https:\/\/www.zgodovinska-mesta.si\/en\/about-the-association\/#primaryimage"},"thumbnailUrl":"https:\/\/www.zgodovinska-mesta.si\/wp-content\/uploads\/2022\/05\/logo.png","datePublished":"2022-05-07T13:44:02+00:00","dateModified":"2024-08-29T07:52:21+00:00","description":"We promote the cultural heritage of Slovenia\u2019s historical towns since 2001. Read about the origins and vision of the Association of Slovenian historical towns.","breadcrumb":{"@id":"https:\/\/www.zgodovinska-mesta.si\/en\/about-the-association\/#breadcrumb"},"inLanguage":"en-US","potentialAction":[{"@type":"ReadAction","target":["https:\/\/www.zgodovinska-mesta.si\/en\/about-the-association\/"]}]},{"@type":"ImageObject","inLanguage":"en-US","@id":"https:\/\/www.zgodovinska-mesta.si\/en\/about-the-association\/#primaryimage","url":"https:\/\/www.zgodovinska-mesta.si\/wp-content\/uploads\/2022\/05\/logo.png","contentUrl":"https:\/\/www.zgodovinska-mesta.si\/wp-content\/uploads\/2022\/05\/logo.png"},{"@type":"BreadcrumbList","@id":"https:\/\/www.zgodovinska-mesta.si\/en\/about-the-association\/#breadcrumb","itemListElement":[{"@type":"ListItem","position":1,"name":"Home","item":"https:\/\/www.zgodovinska-mesta.si\/en\/"},{"@type":"ListItem","position":2,"name":"About the Association"}]},{"@type":"WebSite","@id":"https:\/\/www.zgodovinska-mesta.si\/en\/#website","url":"https:\/\/www.zgodovinska-mesta.si\/en\/","name":"Zdru\u017eenje zgodovinskih mest Slovenije","description":"","publisher":{"@id":"https:\/\/www.zgodovinska-mesta.si\/en\/#organization"},"potentialAction":[{"@type":"SearchAction","target":{"@type":"EntryPoint","urlTemplate":"https:\/\/www.zgodovinska-mesta.si\/en\/?s={search_term_string}"},"query-input":{"@type":"PropertyValueSpecification","valueRequired":true,"valueName":"search_term_string"}}],"inLanguage":"en-US"},{"@type":"Organization","@id":"https:\/\/www.zgodovinska-mesta.si\/en\/#organization","name":"Zdru\u017eenje zgodovinskih mest Slovenije","url":"https:\/\/www.zgodovinska-mesta.si\/en\/","logo":{"@type":"ImageObject","inLanguage":"en-US","@id":"https:\/\/www.zgodovinska-mesta.si\/en\/#\/schema\/logo\/image\/","url":"https:\/\/www.zgodovinska-mesta.si\/wp-content\/uploads\/2024\/10\/logo_en.png","contentUrl":"https:\/\/www.zgodovinska-mesta.si\/wp-content\/uploads\/2024\/10\/logo_en.png","width":200,"height":200,"caption":"Zdru\u017eenje zgodovinskih mest Slovenije"},"image":{"@id":"https:\/\/www.zgodovinska-mesta.si\/en\/#\/schema\/logo\/image\/"}}]}},"_links":{"self":[{"href":"https:\/\/www.zgodovinska-mesta.si\/en\/wp-json\/wp\/v2\/pages\/7319","targetHints":{"allow":["GET"]}}],"collection":[{"href":"https:\/\/www.zgodovinska-mesta.si\/en\/wp-json\/wp\/v2\/pages"}],"about":[{"href":"https:\/\/www.zgodovinska-mesta.si\/en\/wp-json\/wp\/v2\/types\/page"}],"author":[{"embeddable":true,"href":"https:\/\/www.zgodovinska-mesta.si\/en\/wp-json\/wp\/v2\/users\/1"}],"replies":[{"embeddable":true,"href":"https:\/\/www.zgodovinska-mesta.si\/en\/wp-json\/wp\/v2\/comments?post=7319"}],"version-history":[{"count":8,"href":"https:\/\/www.zgodovinska-mesta.si\/en\/wp-json\/wp\/v2\/pages\/7319\/revisions"}],"predecessor-version":[{"id":12817,"href":"https:\/\/www.zgodovinska-mesta.si\/en\/wp-json\/wp\/v2\/pages\/7319\/revisions\/12817"}],"wp:attachment":[{"href":"https:\/\/www.zgodovinska-mesta.si\/en\/wp-json\/wp\/v2\/media?parent=7319"}],"curies":[{"name":"wp","href":"https:\/\/api.w.org\/{rel}","templated":true}]}}