{"id":20153,"date":"2022-05-09T07:37:57","date_gmt":"2022-05-09T07:37:57","guid":{"rendered":"https:\/\/www.zgodovinska-mesta.si\/?page_id=20153"},"modified":"2024-10-03T09:18:17","modified_gmt":"2024-10-03T09:18:17","slug":"contatto","status":"publish","type":"page","link":"https:\/\/www.zgodovinska-mesta.si\/it\/contatto\/","title":{"rendered":"Contatto"},"content":{"rendered":"\n<figure class=\"wp-block-image size-large\"><img loading=\"lazy\" decoding=\"async\" width=\"1024\" height=\"563\" src=\"https:\/\/www.zgodovinska-mesta.si\/wp-content\/uploads\/2023\/10\/trzic-1024x563.jpg\" alt=\"\" class=\"wp-image-13501\" srcset=\"https:\/\/www.zgodovinska-mesta.si\/wp-content\/uploads\/2023\/10\/trzic-1024x563.jpg 1024w, https:\/\/www.zgodovinska-mesta.si\/wp-content\/uploads\/2023\/10\/trzic-300x165.jpg 300w, https:\/\/www.zgodovinska-mesta.si\/wp-content\/uploads\/2023\/10\/trzic.jpg 1203w\" sizes=\"auto, (max-width: 1024px) 100vw, 1024px\" \/><\/figure>\n\n\n\n<h2 class=\"wp-block-heading mb32\">Contattateci!<\/h2>\n\n\n\n<p><strong>Associazione delle citt\u00e0 storiche della Slovenia<\/strong><\/p>\n\n\n\n<p>Mestni trg 15<\/p>\n\n\n\n<p>SI-4220 \u0160kofja Loka<\/p>\n\n\n\n<p>+386 4 51 32 433<\/p>\n\n\n\n<p class=\"undefined mb48\">E: info@zgodovinska-mesta.si<\/p>\n","protected":false},"excerpt":{"rendered":"<p>Contattateci! Associazione delle citt\u00e0 storiche della Slovenia Mestni trg 15 SI-4220 \u0160kofja Loka +386 4 51 32 433 E: info@zgodovinska-mesta.si<\/p>\n","protected":false},"author":9,"featured_media":0,"parent":0,"menu_order":0,"comment_status":"closed","ping_status":"closed","template":"","meta":{"_acf_changed":false,"footnotes":""},"class_list":["post-20153","page","type-page","status-publish","hentry"],"acf":[],"yoast_head":"<!-- This site is optimized with the Yoast SEO plugin v27.0 - https:\/\/yoast.com\/product\/yoast-seo-wordpress\/ -->\n<title>Contatto - Zdru\u017eenje zgodovinskih mest Slovenije<\/title>\n<meta name=\"robots\" content=\"index, follow, max-snippet:-1, max-image-preview:large, max-video-preview:-1\" \/>\n<link rel=\"canonical\" href=\"https:\/\/www.zgodovinska-mesta.si\/it\/contatto\/\" \/>\n<meta property=\"og:locale\" content=\"it_IT\" \/>\n<meta property=\"og:type\" content=\"article\" \/>\n<meta property=\"og:title\" content=\"Contatto - Zdru\u017eenje zgodovinskih mest Slovenije\" \/>\n<meta property=\"og:description\" content=\"Contattateci! Associazione delle citt\u00e0 storiche della Slovenia Mestni trg 15 SI-4220 \u0160kofja Loka +386 4 51 32 433 E: info@zgodovinska-mesta.si\" \/>\n<meta property=\"og:url\" content=\"https:\/\/www.zgodovinska-mesta.si\/it\/contatto\/\" \/>\n<meta property=\"og:site_name\" content=\"Zdru\u017eenje zgodovinskih mest Slovenije\" \/>\n<meta property=\"article:modified_time\" content=\"2024-10-03T09:18:17+00:00\" \/>\n<meta property=\"og:image\" content=\"https:\/\/www.zgodovinska-mesta.si\/wp-content\/uploads\/2023\/10\/trzic-1024x563.jpg\" \/>\n<meta name=\"twitter:card\" content=\"summary_large_image\" \/>\n<meta name=\"twitter:label1\" content=\"Tempo di lettura stimato\" \/>\n\t<meta name=\"twitter:data1\" content=\"1 minuto\" \/>\n<script type=\"application\/ld+json\" class=\"yoast-schema-graph\">{\"@context\":\"https:\/\/schema.org\",\"@graph\":[{\"@type\":\"WebPage\",\"@id\":\"https:\/\/www.zgodovinska-mesta.si\/it\/contatto\/\",\"url\":\"https:\/\/www.zgodovinska-mesta.si\/it\/contatto\/\",\"name\":\"Contatto - Zdru\u017eenje zgodovinskih mest Slovenije\",\"isPartOf\":{\"@id\":\"https:\/\/www.zgodovinska-mesta.si\/it\/#website\"},\"primaryImageOfPage\":{\"@id\":\"https:\/\/www.zgodovinska-mesta.si\/it\/contatto\/#primaryimage\"},\"image\":{\"@id\":\"https:\/\/www.zgodovinska-mesta.si\/it\/contatto\/#primaryimage\"},\"thumbnailUrl\":\"https:\/\/www.zgodovinska-mesta.si\/wp-content\/uploads\/2023\/10\/trzic-1024x563.jpg\",\"datePublished\":\"2022-05-09T07:37:57+00:00\",\"dateModified\":\"2024-10-03T09:18:17+00:00\",\"breadcrumb\":{\"@id\":\"https:\/\/www.zgodovinska-mesta.si\/it\/contatto\/#breadcrumb\"},\"inLanguage\":\"it-IT\",\"potentialAction\":[{\"@type\":\"ReadAction\",\"target\":[\"https:\/\/www.zgodovinska-mesta.si\/it\/contatto\/\"]}]},{\"@type\":\"ImageObject\",\"inLanguage\":\"it-IT\",\"@id\":\"https:\/\/www.zgodovinska-mesta.si\/it\/contatto\/#primaryimage\",\"url\":\"https:\/\/www.zgodovinska-mesta.si\/wp-content\/uploads\/2023\/10\/trzic-1024x563.jpg\",\"contentUrl\":\"https:\/\/www.zgodovinska-mesta.si\/wp-content\/uploads\/2023\/10\/trzic-1024x563.jpg\"},{\"@type\":\"BreadcrumbList\",\"@id\":\"https:\/\/www.zgodovinska-mesta.si\/it\/contatto\/#breadcrumb\",\"itemListElement\":[{\"@type\":\"ListItem\",\"position\":1,\"name\":\"Home\",\"item\":\"https:\/\/www.zgodovinska-mesta.si\/it\/\"},{\"@type\":\"ListItem\",\"position\":2,\"name\":\"Contatto\"}]},{\"@type\":\"WebSite\",\"@id\":\"https:\/\/www.zgodovinska-mesta.si\/it\/#website\",\"url\":\"https:\/\/www.zgodovinska-mesta.si\/it\/\",\"name\":\"Zdru\u017eenje zgodovinskih mest Slovenije\",\"description\":\"\",\"publisher\":{\"@id\":\"https:\/\/www.zgodovinska-mesta.si\/it\/#organization\"},\"potentialAction\":[{\"@type\":\"SearchAction\",\"target\":{\"@type\":\"EntryPoint\",\"urlTemplate\":\"https:\/\/www.zgodovinska-mesta.si\/it\/?s={search_term_string}\"},\"query-input\":{\"@type\":\"PropertyValueSpecification\",\"valueRequired\":true,\"valueName\":\"search_term_string\"}}],\"inLanguage\":\"it-IT\"},{\"@type\":\"Organization\",\"@id\":\"https:\/\/www.zgodovinska-mesta.si\/it\/#organization\",\"name\":\"Zdru\u017eenje zgodovinskih mest Slovenije\",\"url\":\"https:\/\/www.zgodovinska-mesta.si\/it\/\",\"logo\":{\"@type\":\"ImageObject\",\"inLanguage\":\"it-IT\",\"@id\":\"https:\/\/www.zgodovinska-mesta.si\/it\/#\/schema\/logo\/image\/\",\"url\":\"https:\/\/www.zgodovinska-mesta.si\/wp-content\/uploads\/2024\/10\/logo_it2.png\",\"contentUrl\":\"https:\/\/www.zgodovinska-mesta.si\/wp-content\/uploads\/2024\/10\/logo_it2.png\",\"width\":200,\"height\":200,\"caption\":\"Zdru\u017eenje zgodovinskih mest Slovenije\"},\"image\":{\"@id\":\"https:\/\/www.zgodovinska-mesta.si\/it\/#\/schema\/logo\/image\/\"}}]}<\/script>\n<!-- \/ Yoast SEO plugin. -->","yoast_head_json":{"title":"Contatto - Zdru\u017eenje zgodovinskih mest Slovenije","robots":{"index":"index","follow":"follow","max-snippet":"max-snippet:-1","max-image-preview":"max-image-preview:large","max-video-preview":"max-video-preview:-1"},"canonical":"https:\/\/www.zgodovinska-mesta.si\/it\/contatto\/","og_locale":"it_IT","og_type":"article","og_title":"Contatto - Zdru\u017eenje zgodovinskih mest Slovenije","og_description":"Contattateci! Associazione delle citt\u00e0 storiche della Slovenia Mestni trg 15 SI-4220 \u0160kofja Loka +386 4 51 32 433 E: info@zgodovinska-mesta.si","og_url":"https:\/\/www.zgodovinska-mesta.si\/it\/contatto\/","og_site_name":"Zdru\u017eenje zgodovinskih mest Slovenije","article_modified_time":"2024-10-03T09:18:17+00:00","og_image":[{"url":"https:\/\/www.zgodovinska-mesta.si\/wp-content\/uploads\/2023\/10\/trzic-1024x563.jpg","type":"","width":"","height":""}],"twitter_card":"summary_large_image","twitter_misc":{"Tempo di lettura stimato":"1 minuto"},"schema":{"@context":"https:\/\/schema.org","@graph":[{"@type":"WebPage","@id":"https:\/\/www.zgodovinska-mesta.si\/it\/contatto\/","url":"https:\/\/www.zgodovinska-mesta.si\/it\/contatto\/","name":"Contatto - Zdru\u017eenje zgodovinskih mest Slovenije","isPartOf":{"@id":"https:\/\/www.zgodovinska-mesta.si\/it\/#website"},"primaryImageOfPage":{"@id":"https:\/\/www.zgodovinska-mesta.si\/it\/contatto\/#primaryimage"},"image":{"@id":"https:\/\/www.zgodovinska-mesta.si\/it\/contatto\/#primaryimage"},"thumbnailUrl":"https:\/\/www.zgodovinska-mesta.si\/wp-content\/uploads\/2023\/10\/trzic-1024x563.jpg","datePublished":"2022-05-09T07:37:57+00:00","dateModified":"2024-10-03T09:18:17+00:00","breadcrumb":{"@id":"https:\/\/www.zgodovinska-mesta.si\/it\/contatto\/#breadcrumb"},"inLanguage":"it-IT","potentialAction":[{"@type":"ReadAction","target":["https:\/\/www.zgodovinska-mesta.si\/it\/contatto\/"]}]},{"@type":"ImageObject","inLanguage":"it-IT","@id":"https:\/\/www.zgodovinska-mesta.si\/it\/contatto\/#primaryimage","url":"https:\/\/www.zgodovinska-mesta.si\/wp-content\/uploads\/2023\/10\/trzic-1024x563.jpg","contentUrl":"https:\/\/www.zgodovinska-mesta.si\/wp-content\/uploads\/2023\/10\/trzic-1024x563.jpg"},{"@type":"BreadcrumbList","@id":"https:\/\/www.zgodovinska-mesta.si\/it\/contatto\/#breadcrumb","itemListElement":[{"@type":"ListItem","position":1,"name":"Home","item":"https:\/\/www.zgodovinska-mesta.si\/it\/"},{"@type":"ListItem","position":2,"name":"Contatto"}]},{"@type":"WebSite","@id":"https:\/\/www.zgodovinska-mesta.si\/it\/#website","url":"https:\/\/www.zgodovinska-mesta.si\/it\/","name":"Zdru\u017eenje zgodovinskih mest Slovenije","description":"","publisher":{"@id":"https:\/\/www.zgodovinska-mesta.si\/it\/#organization"},"potentialAction":[{"@type":"SearchAction","target":{"@type":"EntryPoint","urlTemplate":"https:\/\/www.zgodovinska-mesta.si\/it\/?s={search_term_string}"},"query-input":{"@type":"PropertyValueSpecification","valueRequired":true,"valueName":"search_term_string"}}],"inLanguage":"it-IT"},{"@type":"Organization","@id":"https:\/\/www.zgodovinska-mesta.si\/it\/#organization","name":"Zdru\u017eenje zgodovinskih mest Slovenije","url":"https:\/\/www.zgodovinska-mesta.si\/it\/","logo":{"@type":"ImageObject","inLanguage":"it-IT","@id":"https:\/\/www.zgodovinska-mesta.si\/it\/#\/schema\/logo\/image\/","url":"https:\/\/www.zgodovinska-mesta.si\/wp-content\/uploads\/2024\/10\/logo_it2.png","contentUrl":"https:\/\/www.zgodovinska-mesta.si\/wp-content\/uploads\/2024\/10\/logo_it2.png","width":200,"height":200,"caption":"Zdru\u017eenje zgodovinskih mest Slovenije"},"image":{"@id":"https:\/\/www.zgodovinska-mesta.si\/it\/#\/schema\/logo\/image\/"}}]}},"_links":{"self":[{"href":"https:\/\/www.zgodovinska-mesta.si\/it\/wp-json\/wp\/v2\/pages\/20153","targetHints":{"allow":["GET"]}}],"collection":[{"href":"https:\/\/www.zgodovinska-mesta.si\/it\/wp-json\/wp\/v2\/pages"}],"about":[{"href":"https:\/\/www.zgodovinska-mesta.si\/it\/wp-json\/wp\/v2\/types\/page"}],"author":[{"embeddable":true,"href":"https:\/\/www.zgodovinska-mesta.si\/it\/wp-json\/wp\/v2\/users\/9"}],"replies":[{"embeddable":true,"href":"https:\/\/www.zgodovinska-mesta.si\/it\/wp-json\/wp\/v2\/comments?post=20153"}],"version-history":[{"count":3,"href":"https:\/\/www.zgodovinska-mesta.si\/it\/wp-json\/wp\/v2\/pages\/20153\/revisions"}],"predecessor-version":[{"id":20158,"href":"https:\/\/www.zgodovinska-mesta.si\/it\/wp-json\/wp\/v2\/pages\/20153\/revisions\/20158"}],"wp:attachment":[{"href":"https:\/\/www.zgodovinska-mesta.si\/it\/wp-json\/wp\/v2\/media?parent=20153"}],"curies":[{"name":"wp","href":"https:\/\/api.w.org\/{rel}","templated":true}]}}